{"id":1990,"date":"2023-01-31T08:55:44","date_gmt":"2023-01-31T08:55:44","guid":{"rendered":"https:\/\/allmecanic.com\/unites-de-poinconnage-entierement-automatiques\/"},"modified":"2023-07-05T15:38:45","modified_gmt":"2023-07-05T15:38:45","slug":"unites-de-poinconnage-automatiques","status":"publish","type":"page","link":"https:\/\/allmecanic.com\/fr\/unites-de-poinconnage-automatiques\/","title":{"rendered":"UNIT\u00c9S DE POIN\u00c7ONNAGE AUTOMATIQUES"},"content":{"rendered":"\t\t<div data-elementor-type=\"wp-page\" data-elementor-id=\"1990\" class=\"elementor elementor-1990 elementor-449\" data-elementor-post-type=\"page\">\n\t\t\t\t\t\t<section class=\"elementor-section elementor-top-section elementor-element elementor-element-06866b3 elementor-section-boxed elementor-section-height-default elementor-section-height-default\" data-id=\"06866b3\" data-element_type=\"section\" data-e-type=\"section\" data-settings=\"{&quot;background_background&quot;:&quot;classic&quot;}\">\n\t\t\t\t\t\t<div class=\"elementor-container elementor-column-gap-default\">\n\t\t\t\t\t<div class=\"elementor-column elementor-col-100 elementor-top-column elementor-element elementor-element-87b802f\" data-id=\"87b802f\" data-element_type=\"column\" data-e-type=\"column\" data-settings=\"{&quot;background_background&quot;:&quot;classic&quot;}\">\n\t\t\t<div class=\"elementor-widget-wrap elementor-element-populated\">\n\t\t\t\t\t\t<div class=\"elementor-element elementor-element-e8c5367 elementor-widget elementor-widget-heading\" data-id=\"e8c5367\" data-element_type=\"widget\" data-e-type=\"widget\" data-widget_type=\"heading.default\">\n\t\t\t\t<div class=\"elementor-widget-container\">\n\t\t\t\t\t<h2 class=\"elementor-heading-title elementor-size-default\">Unit\u00e9s de poin\u00e7onnage enti\u00e8rement automatiques<\/h2>\t\t\t\t<\/div>\n\t\t\t\t<\/div>\n\t\t\t\t<div class=\"elementor-element elementor-element-f18e072 elementor-widget elementor-widget-heading\" data-id=\"f18e072\" data-element_type=\"widget\" data-e-type=\"widget\" data-widget_type=\"heading.default\">\n\t\t\t\t<div class=\"elementor-widget-container\">\n\t\t\t\t\t<h5 class=\"elementor-heading-title elementor-size-default\">(conception selon les exigences sp\u00e9cifiques du client)<\/h5>\t\t\t\t<\/div>\n\t\t\t\t<\/div>\n\t\t\t\t\t<\/div>\n\t\t<\/div>\n\t\t\t\t\t<\/div>\n\t\t<\/section>\n\t\t\t\t<section class=\"elementor-section elementor-top-section elementor-element elementor-element-12e710a elementor-section-boxed elementor-section-height-default elementor-section-height-default\" data-id=\"12e710a\" data-element_type=\"section\" data-e-type=\"section\" data-settings=\"{&quot;background_background&quot;:&quot;classic&quot;}\">\n\t\t\t\t\t\t<div class=\"elementor-container elementor-column-gap-default\">\n\t\t\t\t\t<div class=\"elementor-column elementor-col-50 elementor-top-column elementor-element elementor-element-7346de1\" data-id=\"7346de1\" data-element_type=\"column\" data-e-type=\"column\">\n\t\t\t<div class=\"elementor-widget-wrap elementor-element-populated\">\n\t\t\t\t\t\t<div class=\"elementor-element elementor-element-e8d9101 elementor-widget elementor-widget-image-carousel\" data-id=\"e8d9101\" data-element_type=\"widget\" data-e-type=\"widget\" data-settings=\"{&quot;slides_to_show&quot;:&quot;1&quot;,&quot;navigation&quot;:&quot;none&quot;,&quot;lazyload&quot;:&quot;yes&quot;,&quot;autoplay&quot;:&quot;yes&quot;,&quot;pause_on_hover&quot;:&quot;yes&quot;,&quot;pause_on_interaction&quot;:&quot;yes&quot;,&quot;autoplay_speed&quot;:5000,&quot;infinite&quot;:&quot;yes&quot;,&quot;effect&quot;:&quot;slide&quot;,&quot;speed&quot;:500}\" data-widget_type=\"image-carousel.default\">\n\t\t\t\t<div class=\"elementor-widget-container\">\n\t\t\t\t\t\t\t<div class=\"elementor-image-carousel-wrapper swiper\" role=\"region\" aria-roledescription=\"carousel\" aria-label=\"Carrousel d\u2019images\" dir=\"ltr\">\n\t\t\t<div class=\"elementor-image-carousel swiper-wrapper\" aria-live=\"off\">\n\t\t\t\t\t\t\t\t<div class=\"swiper-slide\" role=\"group\" aria-roledescription=\"slide\" aria-label=\"1 sur 9\"><figure class=\"swiper-slide-inner\"><img class=\"swiper-slide-image swiper-lazy\" data-src=\"https:\/\/allmecanic.com\/wp-content\/uploads\/2023\/02\/5040361.1.jpg\" alt=\"5040361.1\" \/><div class=\"swiper-lazy-preloader\"><\/div><\/figure><\/div><div class=\"swiper-slide\" role=\"group\" aria-roledescription=\"slide\" aria-label=\"2 sur 9\"><figure class=\"swiper-slide-inner\"><img class=\"swiper-slide-image swiper-lazy\" data-src=\"https:\/\/allmecanic.com\/wp-content\/uploads\/2023\/02\/5040361poot.1.jpg\" alt=\"5040361+poot.1\" \/><div class=\"swiper-lazy-preloader\"><\/div><\/figure><\/div><div class=\"swiper-slide\" role=\"group\" aria-roledescription=\"slide\" aria-label=\"3 sur 9\"><figure class=\"swiper-slide-inner\"><img class=\"swiper-slide-image swiper-lazy\" data-src=\"https:\/\/allmecanic.com\/wp-content\/uploads\/2023\/02\/5040362-01.673.jpg\" alt=\"5040362-01.673\" \/><div class=\"swiper-lazy-preloader\"><\/div><\/figure><\/div><div class=\"swiper-slide\" role=\"group\" aria-roledescription=\"slide\" aria-label=\"4 sur 9\"><figure class=\"swiper-slide-inner\"><img class=\"swiper-slide-image swiper-lazy\" data-src=\"https:\/\/allmecanic.com\/wp-content\/uploads\/2023\/02\/KS66561960.733.jpg\" alt=\"KS66561960.733\" \/><div class=\"swiper-lazy-preloader\"><\/div><\/figure><\/div><div class=\"swiper-slide\" role=\"group\" aria-roledescription=\"slide\" aria-label=\"5 sur 9\"><figure class=\"swiper-slide-inner\"><img class=\"swiper-slide-image swiper-lazy\" data-src=\"https:\/\/allmecanic.com\/wp-content\/uploads\/2023\/02\/KS88585053.736.jpg\" alt=\"KS88585053.736\" \/><div class=\"swiper-lazy-preloader\"><\/div><\/figure><\/div><div class=\"swiper-slide\" role=\"group\" aria-roledescription=\"slide\" aria-label=\"6 sur 9\"><figure class=\"swiper-slide-inner\"><img class=\"swiper-slide-image swiper-lazy\" data-src=\"https:\/\/allmecanic.com\/wp-content\/uploads\/2023\/02\/KS496824776.734-1.jpg\" alt=\"KS496824776.734\" \/><div class=\"swiper-lazy-preloader\"><\/div><\/figure><\/div><div class=\"swiper-slide\" role=\"group\" aria-roledescription=\"slide\" aria-label=\"7 sur 9\"><figure class=\"swiper-slide-inner\"><img class=\"swiper-slide-image swiper-lazy\" data-src=\"https:\/\/allmecanic.com\/wp-content\/uploads\/2023\/02\/KS885815553.731.jpg\" alt=\"KS885815553.731\" \/><div class=\"swiper-lazy-preloader\"><\/div><\/figure><\/div><div class=\"swiper-slide\" role=\"group\" aria-roledescription=\"slide\" aria-label=\"8 sur 9\"><figure class=\"swiper-slide-inner\"><img class=\"swiper-slide-image swiper-lazy\" data-src=\"https:\/\/allmecanic.com\/wp-content\/uploads\/2023\/02\/KS6063716137.735.jpg\" alt=\"KS6063716137.735\" \/><div class=\"swiper-lazy-preloader\"><\/div><\/figure><\/div><div class=\"swiper-slide\" role=\"group\" aria-roledescription=\"slide\" aria-label=\"9 sur 9\"><figure class=\"swiper-slide-inner\"><img class=\"swiper-slide-image swiper-lazy\" data-src=\"https:\/\/allmecanic.com\/wp-content\/uploads\/2023\/02\/KS1472215202.4.jpg\" alt=\"KS1472215202.4\" \/><div class=\"swiper-lazy-preloader\"><\/div><\/figure><\/div>\t\t\t<\/div>\n\t\t\t\t\t\t\t\n\t\t\t\t\t\t\t\t\t<\/div>\n\t\t\t\t\t\t<\/div>\n\t\t\t\t<\/div>\n\t\t\t\t\t<\/div>\n\t\t<\/div>\n\t\t\t\t<div class=\"elementor-column elementor-col-50 elementor-top-column elementor-element elementor-element-1446997\" data-id=\"1446997\" data-element_type=\"column\" data-e-type=\"column\">\n\t\t\t<div class=\"elementor-widget-wrap elementor-element-populated\">\n\t\t\t\t\t\t<div class=\"elementor-element elementor-element-35f4d82 elementor-widget elementor-widget-accordion\" data-id=\"35f4d82\" data-element_type=\"widget\" data-e-type=\"widget\" data-widget_type=\"accordion.default\">\n\t\t\t\t<div class=\"elementor-widget-container\">\n\t\t\t\t\t\t\t<div class=\"elementor-accordion\">\n\t\t\t\t\t\t\t<div class=\"elementor-accordion-item\">\n\t\t\t\t\t<div id=\"elementor-tab-title-5651\" class=\"elementor-tab-title\" data-tab=\"1\" role=\"button\" aria-controls=\"elementor-tab-content-5651\" aria-expanded=\"false\">\n\t\t\t\t\t\t\t\t\t\t\t\t\t<span class=\"elementor-accordion-icon elementor-accordion-icon-right\" aria-hidden=\"true\">\n\t\t\t\t\t\t\t\t\t\t\t\t\t\t\t<span class=\"elementor-accordion-icon-closed\"><i class=\"fas fa-plus\"><\/i><\/span>\n\t\t\t\t\t\t\t\t<span class=\"elementor-accordion-icon-opened\"><i class=\"fas fa-minus\"><\/i><\/span>\n\t\t\t\t\t\t\t\t\t\t\t\t\t\t<\/span>\n\t\t\t\t\t\t\t\t\t\t\t\t<a class=\"elementor-accordion-title\" tabindex=\"0\">Les unit\u00e9s de poin\u00e7onnage enti\u00e8rement automatiques<\/a>\n\t\t\t\t\t<\/div>\n\t\t\t\t\t<div id=\"elementor-tab-content-5651\" class=\"elementor-tab-content elementor-clearfix\" data-tab=\"1\" role=\"region\" aria-labelledby=\"elementor-tab-title-5651\"><p>Faciles \u00e0 utiliser. Fonctionnent sans p\u00e9dale. Il suffit d&rsquo;ins\u00e9rer le profil dans l&rsquo;unit\u00e9 de poin\u00e7onnage, ce qui active la machine qui perfore automatiquement le profil.<\/p>\n<p>All Mecanic vous propose une large gamme, compos\u00e9e d&rsquo;unit\u00e9s de poin\u00e7onnage non automatis\u00e9es et automatis\u00e9es, qu&rsquo;elles soient pneumatiques, hydropneumatiques ou hydrauliques.<\/p>\n<p>Caract\u00e9ristiques g\u00e9n\u00e9rales : <a href=\"https:\/\/allmecanic.com\/fr\/unites-de-poinconnage\/\" target=\"_blank\" rel=\"noopener\">voir unit\u00e9s de poin\u00e7onnage<\/a>.<\/p><\/div>\n\t\t\t\t<\/div>\n\t\t\t\t\t\t\t\t<\/div>\n\t\t\t\t\t\t<\/div>\n\t\t\t\t<\/div>\n\t\t\t\t\t<\/div>\n\t\t<\/div>\n\t\t\t\t\t<\/div>\n\t\t<\/section>\n\t\t\t\t<section class=\"elementor-section elementor-top-section elementor-element elementor-element-d5c7e8e elementor-section-boxed elementor-section-height-default elementor-section-height-default\" data-id=\"d5c7e8e\" data-element_type=\"section\" data-e-type=\"section\" data-settings=\"{&quot;background_background&quot;:&quot;classic&quot;}\">\n\t\t\t\t\t\t<div class=\"elementor-container elementor-column-gap-default\">\n\t\t\t\t\t<div class=\"elementor-column elementor-col-100 elementor-top-column elementor-element elementor-element-932e97a\" data-id=\"932e97a\" data-element_type=\"column\" data-e-type=\"column\">\n\t\t\t<div class=\"elementor-widget-wrap elementor-element-populated\">\n\t\t\t\t\t\t<div class=\"elementor-element elementor-element-fea80a9 gallery-spacing-custom elementor-invisible elementor-widget elementor-widget-image-gallery\" data-id=\"fea80a9\" data-element_type=\"widget\" data-e-type=\"widget\" data-settings=\"{&quot;_animation&quot;:&quot;fadeIn&quot;}\" data-widget_type=\"image-gallery.default\">\n\t\t\t\t<div class=\"elementor-widget-container\">\n\t\t\t\t\t\t\t<div class=\"elementor-image-gallery\">\n\t\t\t<div id='gallery-1' class='gallery galleryid-1990 gallery-columns-3 gallery-size-medium_large'><figure class='gallery-item'>\n\t\t\t<div class='gallery-icon landscape'>\n\t\t\t\t<a data-elementor-open-lightbox=\"yes\" data-elementor-lightbox-slideshow=\"fea80a9\" data-elementor-lightbox-title=\"KS88585053.736\" data-e-action-hash=\"#elementor-action%3Aaction%3Dlightbox%26settings%3DeyJpZCI6MTQyMywidXJsIjoiaHR0cHM6XC9cL2FsbG1lY2FuaWMuY29tXC93cC1jb250ZW50XC91cGxvYWRzXC8yMDIzXC8wMlwvS1M4ODU4NTA1My43MzYuanBnIiwic2xpZGVzaG93IjoiZmVhODBhOSJ9\" href='https:\/\/allmecanic.com\/wp-content\/uploads\/2023\/02\/KS88585053.736.jpg'><img fetchpriority=\"high\" decoding=\"async\" width=\"768\" height=\"576\" src=\"https:\/\/allmecanic.com\/wp-content\/uploads\/2023\/02\/KS88585053.736-768x576.jpg\" class=\"attachment-medium_large size-medium_large\" alt=\"\" srcset=\"https:\/\/allmecanic.com\/wp-content\/uploads\/2023\/02\/KS88585053.736-768x576.jpg 768w, https:\/\/allmecanic.com\/wp-content\/uploads\/2023\/02\/KS88585053.736-300x225.jpg 300w, https:\/\/allmecanic.com\/wp-content\/uploads\/2023\/02\/KS88585053.736.jpg 800w\" sizes=\"(max-width: 768px) 100vw, 768px\" \/><\/a>\n\t\t\t<\/div><\/figure><figure class='gallery-item'>\n\t\t\t<div class='gallery-icon landscape'>\n\t\t\t\t<a data-elementor-open-lightbox=\"yes\" data-elementor-lightbox-slideshow=\"fea80a9\" data-elementor-lightbox-title=\"KS1472215202.4\" data-e-action-hash=\"#elementor-action%3Aaction%3Dlightbox%26settings%3DeyJpZCI6MTQ5NSwidXJsIjoiaHR0cHM6XC9cL2FsbG1lY2FuaWMuY29tXC93cC1jb250ZW50XC91cGxvYWRzXC8yMDIzXC8wMlwvS1MxNDcyMjE1MjAyLjQuanBnIiwic2xpZGVzaG93IjoiZmVhODBhOSJ9\" href='https:\/\/allmecanic.com\/wp-content\/uploads\/2023\/02\/KS1472215202.4.jpg'><img decoding=\"async\" width=\"768\" height=\"576\" src=\"https:\/\/allmecanic.com\/wp-content\/uploads\/2023\/02\/KS1472215202.4-768x576.jpg\" class=\"attachment-medium_large size-medium_large\" alt=\"\" srcset=\"https:\/\/allmecanic.com\/wp-content\/uploads\/2023\/02\/KS1472215202.4-768x576.jpg 768w, https:\/\/allmecanic.com\/wp-content\/uploads\/2023\/02\/KS1472215202.4-300x225.jpg 300w, https:\/\/allmecanic.com\/wp-content\/uploads\/2023\/02\/KS1472215202.4.jpg 800w\" sizes=\"(max-width: 768px) 100vw, 768px\" \/><\/a>\n\t\t\t<\/div><\/figure><figure class='gallery-item'>\n\t\t\t<div class='gallery-icon landscape'>\n\t\t\t\t<a data-elementor-open-lightbox=\"yes\" data-elementor-lightbox-slideshow=\"fea80a9\" data-elementor-lightbox-title=\"5040361+poot.1\" data-e-action-hash=\"#elementor-action%3Aaction%3Dlightbox%26settings%3DeyJpZCI6MTQxNCwidXJsIjoiaHR0cHM6XC9cL2FsbG1lY2FuaWMuY29tXC93cC1jb250ZW50XC91cGxvYWRzXC8yMDIzXC8wMlwvNTA0MDM2MXBvb3QuMS5qcGciLCJzbGlkZXNob3ciOiJmZWE4MGE5In0%3D\" href='https:\/\/allmecanic.com\/wp-content\/uploads\/2023\/02\/5040361poot.1.jpg'><img decoding=\"async\" width=\"768\" height=\"576\" src=\"https:\/\/allmecanic.com\/wp-content\/uploads\/2023\/02\/5040361poot.1-768x576.jpg\" class=\"attachment-medium_large size-medium_large\" alt=\"\" srcset=\"https:\/\/allmecanic.com\/wp-content\/uploads\/2023\/02\/5040361poot.1-768x576.jpg 768w, https:\/\/allmecanic.com\/wp-content\/uploads\/2023\/02\/5040361poot.1-300x225.jpg 300w, https:\/\/allmecanic.com\/wp-content\/uploads\/2023\/02\/5040361poot.1.jpg 800w\" sizes=\"(max-width: 768px) 100vw, 768px\" \/><\/a>\n\t\t\t<\/div><\/figure><figure class='gallery-item'>\n\t\t\t<div class='gallery-icon landscape'>\n\t\t\t\t<a data-elementor-open-lightbox=\"yes\" data-elementor-lightbox-slideshow=\"fea80a9\" data-elementor-lightbox-title=\"5040362-01.673\" data-e-action-hash=\"#elementor-action%3Aaction%3Dlightbox%26settings%3DeyJpZCI6MTQxNywidXJsIjoiaHR0cHM6XC9cL2FsbG1lY2FuaWMuY29tXC93cC1jb250ZW50XC91cGxvYWRzXC8yMDIzXC8wMlwvNTA0MDM2Mi0wMS42NzMuanBnIiwic2xpZGVzaG93IjoiZmVhODBhOSJ9\" href='https:\/\/allmecanic.com\/wp-content\/uploads\/2023\/02\/5040362-01.673.jpg'><img loading=\"lazy\" decoding=\"async\" width=\"768\" height=\"576\" src=\"https:\/\/allmecanic.com\/wp-content\/uploads\/2023\/02\/5040362-01.673-768x576.jpg\" class=\"attachment-medium_large size-medium_large\" alt=\"\" srcset=\"https:\/\/allmecanic.com\/wp-content\/uploads\/2023\/02\/5040362-01.673-768x576.jpg 768w, https:\/\/allmecanic.com\/wp-content\/uploads\/2023\/02\/5040362-01.673-300x225.jpg 300w, https:\/\/allmecanic.com\/wp-content\/uploads\/2023\/02\/5040362-01.673.jpg 800w\" sizes=\"(max-width: 768px) 100vw, 768px\" \/><\/a>\n\t\t\t<\/div><\/figure><figure class='gallery-item'>\n\t\t\t<div class='gallery-icon landscape'>\n\t\t\t\t<a data-elementor-open-lightbox=\"yes\" data-elementor-lightbox-slideshow=\"fea80a9\" data-elementor-lightbox-title=\"KS885815553.731\" data-e-action-hash=\"#elementor-action%3Aaction%3Dlightbox%26settings%3DeyJpZCI6MTQzMiwidXJsIjoiaHR0cHM6XC9cL2FsbG1lY2FuaWMuY29tXC93cC1jb250ZW50XC91cGxvYWRzXC8yMDIzXC8wMlwvS1M4ODU4MTU1NTMuNzMxLmpwZyIsInNsaWRlc2hvdyI6ImZlYTgwYTkifQ%3D%3D\" href='https:\/\/allmecanic.com\/wp-content\/uploads\/2023\/02\/KS885815553.731.jpg'><img loading=\"lazy\" decoding=\"async\" width=\"768\" height=\"576\" src=\"https:\/\/allmecanic.com\/wp-content\/uploads\/2023\/02\/KS885815553.731-768x576.jpg\" class=\"attachment-medium_large size-medium_large\" alt=\"\" srcset=\"https:\/\/allmecanic.com\/wp-content\/uploads\/2023\/02\/KS885815553.731-768x576.jpg 768w, https:\/\/allmecanic.com\/wp-content\/uploads\/2023\/02\/KS885815553.731-300x225.jpg 300w, https:\/\/allmecanic.com\/wp-content\/uploads\/2023\/02\/KS885815553.731.jpg 800w\" sizes=\"(max-width: 768px) 100vw, 768px\" \/><\/a>\n\t\t\t<\/div><\/figure><figure class='gallery-item'>\n\t\t\t<div class='gallery-icon landscape'>\n\t\t\t\t<a data-elementor-open-lightbox=\"yes\" data-elementor-lightbox-slideshow=\"fea80a9\" data-elementor-lightbox-title=\"KS66561960.733\" data-e-action-hash=\"#elementor-action%3Aaction%3Dlightbox%26settings%3DeyJpZCI6MTQyMCwidXJsIjoiaHR0cHM6XC9cL2FsbG1lY2FuaWMuY29tXC93cC1jb250ZW50XC91cGxvYWRzXC8yMDIzXC8wMlwvS1M2NjU2MTk2MC43MzMuanBnIiwic2xpZGVzaG93IjoiZmVhODBhOSJ9\" href='https:\/\/allmecanic.com\/wp-content\/uploads\/2023\/02\/KS66561960.733.jpg'><img loading=\"lazy\" decoding=\"async\" width=\"768\" height=\"576\" src=\"https:\/\/allmecanic.com\/wp-content\/uploads\/2023\/02\/KS66561960.733-768x576.jpg\" class=\"attachment-medium_large size-medium_large\" alt=\"\" srcset=\"https:\/\/allmecanic.com\/wp-content\/uploads\/2023\/02\/KS66561960.733-768x576.jpg 768w, https:\/\/allmecanic.com\/wp-content\/uploads\/2023\/02\/KS66561960.733-300x225.jpg 300w, https:\/\/allmecanic.com\/wp-content\/uploads\/2023\/02\/KS66561960.733.jpg 800w\" sizes=\"(max-width: 768px) 100vw, 768px\" \/><\/a>\n\t\t\t<\/div><\/figure><figure class='gallery-item'>\n\t\t\t<div class='gallery-icon landscape'>\n\t\t\t\t<a data-elementor-open-lightbox=\"yes\" data-elementor-lightbox-slideshow=\"fea80a9\" data-elementor-lightbox-title=\"KS6063716137.735\" data-e-action-hash=\"#elementor-action%3Aaction%3Dlightbox%26settings%3DeyJpZCI6MTQzNSwidXJsIjoiaHR0cHM6XC9cL2FsbG1lY2FuaWMuY29tXC93cC1jb250ZW50XC91cGxvYWRzXC8yMDIzXC8wMlwvS1M2MDYzNzE2MTM3LjczNS5qcGciLCJzbGlkZXNob3ciOiJmZWE4MGE5In0%3D\" href='https:\/\/allmecanic.com\/wp-content\/uploads\/2023\/02\/KS6063716137.735.jpg'><img loading=\"lazy\" decoding=\"async\" width=\"768\" height=\"576\" src=\"https:\/\/allmecanic.com\/wp-content\/uploads\/2023\/02\/KS6063716137.735-768x576.jpg\" class=\"attachment-medium_large size-medium_large\" alt=\"\" srcset=\"https:\/\/allmecanic.com\/wp-content\/uploads\/2023\/02\/KS6063716137.735-768x576.jpg 768w, https:\/\/allmecanic.com\/wp-content\/uploads\/2023\/02\/KS6063716137.735-300x225.jpg 300w, https:\/\/allmecanic.com\/wp-content\/uploads\/2023\/02\/KS6063716137.735.jpg 800w\" sizes=\"(max-width: 768px) 100vw, 768px\" \/><\/a>\n\t\t\t<\/div><\/figure><figure class='gallery-item'>\n\t\t\t<div class='gallery-icon landscape'>\n\t\t\t\t<a data-elementor-open-lightbox=\"yes\" data-elementor-lightbox-slideshow=\"fea80a9\" data-elementor-lightbox-title=\"5040361.1\" data-e-action-hash=\"#elementor-action%3Aaction%3Dlightbox%26settings%3DeyJpZCI6MTQxMSwidXJsIjoiaHR0cHM6XC9cL2FsbG1lY2FuaWMuY29tXC93cC1jb250ZW50XC91cGxvYWRzXC8yMDIzXC8wMlwvNTA0MDM2MS4xLmpwZyIsInNsaWRlc2hvdyI6ImZlYTgwYTkifQ%3D%3D\" href='https:\/\/allmecanic.com\/wp-content\/uploads\/2023\/02\/5040361.1.jpg'><img loading=\"lazy\" decoding=\"async\" width=\"768\" height=\"576\" src=\"https:\/\/allmecanic.com\/wp-content\/uploads\/2023\/02\/5040361.1-768x576.jpg\" class=\"attachment-medium_large size-medium_large\" alt=\"\" srcset=\"https:\/\/allmecanic.com\/wp-content\/uploads\/2023\/02\/5040361.1-768x576.jpg 768w, https:\/\/allmecanic.com\/wp-content\/uploads\/2023\/02\/5040361.1-300x225.jpg 300w, https:\/\/allmecanic.com\/wp-content\/uploads\/2023\/02\/5040361.1.jpg 800w\" sizes=\"(max-width: 768px) 100vw, 768px\" \/><\/a>\n\t\t\t<\/div><\/figure><figure class='gallery-item'>\n\t\t\t<div class='gallery-icon landscape'>\n\t\t\t\t<a data-elementor-open-lightbox=\"yes\" data-elementor-lightbox-slideshow=\"fea80a9\" data-elementor-lightbox-title=\"KS496824776.734\" data-e-action-hash=\"#elementor-action%3Aaction%3Dlightbox%26settings%3DeyJpZCI6MTQyNiwidXJsIjoiaHR0cHM6XC9cL2FsbG1lY2FuaWMuY29tXC93cC1jb250ZW50XC91cGxvYWRzXC8yMDIzXC8wMlwvS1M0OTY4MjQ3NzYuNzM0LTEuanBnIiwic2xpZGVzaG93IjoiZmVhODBhOSJ9\" href='https:\/\/allmecanic.com\/wp-content\/uploads\/2023\/02\/KS496824776.734-1.jpg'><img loading=\"lazy\" decoding=\"async\" width=\"768\" height=\"576\" src=\"https:\/\/allmecanic.com\/wp-content\/uploads\/2023\/02\/KS496824776.734-1-768x576.jpg\" class=\"attachment-medium_large size-medium_large\" alt=\"\" srcset=\"https:\/\/allmecanic.com\/wp-content\/uploads\/2023\/02\/KS496824776.734-1-768x576.jpg 768w, https:\/\/allmecanic.com\/wp-content\/uploads\/2023\/02\/KS496824776.734-1-300x225.jpg 300w, https:\/\/allmecanic.com\/wp-content\/uploads\/2023\/02\/KS496824776.734-1.jpg 800w\" sizes=\"(max-width: 768px) 100vw, 768px\" \/><\/a>\n\t\t\t<\/div><\/figure>\n\t\t<\/div>\n\t\t<\/div>\n\t\t\t\t\t\t<\/div>\n\t\t\t\t<\/div>\n\t\t\t\t\t<\/div>\n\t\t<\/div>\n\t\t\t\t\t<\/div>\n\t\t<\/section>\n\t\t\t\t<\/div>\n\t\t","protected":false},"excerpt":{"rendered":"<p>Unit\u00e9s de poin\u00e7onnage enti\u00e8rement automatiques (conception selon les exigences sp\u00e9cifiques du client) Les unit\u00e9s de poin\u00e7onnage enti\u00e8rement automatiques Faciles \u00e0 utiliser. Fonctionnent sans p\u00e9dale. Il suffit d&#8217;ins\u00e9rer le profil dans l&#8217;unit\u00e9 de poin\u00e7onnage, ce qui active la machine qui perfore automatiquement le profil. All Mecanic vous propose une large gamme, compos\u00e9e d&#8217;unit\u00e9s de poin\u00e7onnage non [&hellip;]<\/p>\n","protected":false},"author":1,"featured_media":0,"parent":0,"menu_order":0,"comment_status":"closed","ping_status":"closed","template":"","meta":{"site-sidebar-layout":"no-sidebar","site-content-layout":"page-builder","ast-site-content-layout":"default","site-content-style":"default","site-sidebar-style":"default","ast-global-header-display":"","ast-banner-title-visibility":"","ast-main-header-display":"","ast-hfb-above-header-display":"","ast-hfb-below-header-display":"","ast-hfb-mobile-header-display":"","site-post-title":"disabled","ast-breadcrumbs-content":"","ast-featured-img":"disabled","footer-sml-layout":"","ast-disable-related-posts":"","theme-transparent-header-meta":"","adv-header-id-meta":"","stick-header-meta":"","header-above-stick-meta":"","header-main-stick-meta":"","header-below-stick-meta":"","astra-migrate-meta-layouts":"default","ast-page-background-enabled":"default","ast-page-background-meta":{"desktop":{"background-color":"var(--ast-global-color-4)","background-image":"","background-repeat":"repeat","background-position":"center center","background-size":"auto","background-attachment":"scroll","background-type":"","background-media":"","overlay-type":"","overlay-color":"","overlay-opacity":"","overlay-gradient":""},"tablet":{"background-color":"","background-image":"","background-repeat":"repeat","background-position":"center center","background-size":"auto","background-attachment":"scroll","background-type":"","background-media":"","overlay-type":"","overlay-color":"","overlay-opacity":"","overlay-gradient":""},"mobile":{"background-color":"","background-image":"","background-repeat":"repeat","background-position":"center center","background-size":"auto","background-attachment":"scroll","background-type":"","background-media":"","overlay-type":"","overlay-color":"","overlay-opacity":"","overlay-gradient":""}},"ast-content-background-meta":{"desktop":{"background-color":"var(--ast-global-color-5)","background-image":"","background-repeat":"repeat","background-position":"center center","background-size":"auto","background-attachment":"scroll","background-type":"","background-media":"","overlay-type":"","overlay-color":"","overlay-opacity":"","overlay-gradient":""},"tablet":{"background-color":"var(--ast-global-color-5)","background-image":"","background-repeat":"repeat","background-position":"center center","background-size":"auto","background-attachment":"scroll","background-type":"","background-media":"","overlay-type":"","overlay-color":"","overlay-opacity":"","overlay-gradient":""},"mobile":{"background-color":"var(--ast-global-color-5)","background-image":"","background-repeat":"repeat","background-position":"center center","background-size":"auto","background-attachment":"scroll","background-type":"","background-media":"","overlay-type":"","overlay-color":"","overlay-opacity":"","overlay-gradient":""}},"footnotes":""},"class_list":["post-1990","page","type-page","status-publish","hentry"],"_links":{"self":[{"href":"https:\/\/allmecanic.com\/fr\/wp-json\/wp\/v2\/pages\/1990","targetHints":{"allow":["GET"]}}],"collection":[{"href":"https:\/\/allmecanic.com\/fr\/wp-json\/wp\/v2\/pages"}],"about":[{"href":"https:\/\/allmecanic.com\/fr\/wp-json\/wp\/v2\/types\/page"}],"author":[{"embeddable":true,"href":"https:\/\/allmecanic.com\/fr\/wp-json\/wp\/v2\/users\/1"}],"replies":[{"embeddable":true,"href":"https:\/\/allmecanic.com\/fr\/wp-json\/wp\/v2\/comments?post=1990"}],"version-history":[{"count":5,"href":"https:\/\/allmecanic.com\/fr\/wp-json\/wp\/v2\/pages\/1990\/revisions"}],"predecessor-version":[{"id":2403,"href":"https:\/\/allmecanic.com\/fr\/wp-json\/wp\/v2\/pages\/1990\/revisions\/2403"}],"wp:attachment":[{"href":"https:\/\/allmecanic.com\/fr\/wp-json\/wp\/v2\/media?parent=1990"}],"curies":[{"name":"wp","href":"https:\/\/api.w.org\/{rel}","templated":true}]}}