{"id":1986,"date":"2023-01-31T08:58:13","date_gmt":"2023-01-31T08:58:13","guid":{"rendered":"https:\/\/allmecanic.com\/jeux-de-poincons-pour-outils-a-main\/"},"modified":"2023-10-10T07:56:53","modified_gmt":"2023-10-10T07:56:53","slug":"jeux-de-matrices","status":"publish","type":"page","link":"https:\/\/allmecanic.com\/fr\/jeux-de-matrices\/","title":{"rendered":"JEUX DE MATRICES"},"content":{"rendered":"\t\t<div data-elementor-type=\"wp-page\" data-elementor-id=\"1986\" class=\"elementor elementor-1986 elementor-454\" data-elementor-post-type=\"page\">\n\t\t\t\t\t\t<section class=\"elementor-section elementor-top-section elementor-element elementor-element-06866b3 elementor-section-boxed elementor-section-height-default elementor-section-height-default\" data-id=\"06866b3\" data-element_type=\"section\" data-e-type=\"section\" data-settings=\"{&quot;background_background&quot;:&quot;classic&quot;}\">\n\t\t\t\t\t\t<div class=\"elementor-container elementor-column-gap-default\">\n\t\t\t\t\t<div class=\"elementor-column elementor-col-100 elementor-top-column elementor-element elementor-element-87b802f\" data-id=\"87b802f\" data-element_type=\"column\" data-e-type=\"column\" data-settings=\"{&quot;background_background&quot;:&quot;classic&quot;}\">\n\t\t\t<div class=\"elementor-widget-wrap elementor-element-populated\">\n\t\t\t\t\t\t<div class=\"elementor-element elementor-element-e8c5367 elementor-widget elementor-widget-heading\" data-id=\"e8c5367\" data-element_type=\"widget\" data-e-type=\"widget\" data-widget_type=\"heading.default\">\n\t\t\t\t<div class=\"elementor-widget-container\">\n\t\t\t\t\t<h2 class=\"elementor-heading-title elementor-size-default\">Jeux de poin\u00e7onnage pour presses portables et presses avec cylindres interchangeables<\/h2>\t\t\t\t<\/div>\n\t\t\t\t<\/div>\n\t\t\t\t<div class=\"elementor-element elementor-element-561e964 elementor-widget elementor-widget-heading\" data-id=\"561e964\" data-element_type=\"widget\" data-e-type=\"widget\" data-widget_type=\"heading.default\">\n\t\t\t\t<div class=\"elementor-widget-container\">\n\t\t\t\t\t<h5 class=\"elementor-heading-title elementor-size-default\">(conception selon les exigences sp\u00e9cifiques du client)<\/h5>\t\t\t\t<\/div>\n\t\t\t\t<\/div>\n\t\t\t\t\t<\/div>\n\t\t<\/div>\n\t\t\t\t\t<\/div>\n\t\t<\/section>\n\t\t\t\t<section class=\"elementor-section elementor-top-section elementor-element elementor-element-12e710a elementor-section-boxed elementor-section-height-default elementor-section-height-default\" data-id=\"12e710a\" data-element_type=\"section\" data-e-type=\"section\" data-settings=\"{&quot;background_background&quot;:&quot;classic&quot;}\">\n\t\t\t\t\t\t<div class=\"elementor-container elementor-column-gap-default\">\n\t\t\t\t\t<div class=\"elementor-column elementor-col-50 elementor-top-column elementor-element elementor-element-7346de1\" data-id=\"7346de1\" data-element_type=\"column\" data-e-type=\"column\">\n\t\t\t<div class=\"elementor-widget-wrap elementor-element-populated\">\n\t\t\t\t\t\t<div class=\"elementor-element elementor-element-e8d9101 elementor-widget elementor-widget-image-carousel\" data-id=\"e8d9101\" data-element_type=\"widget\" data-e-type=\"widget\" data-settings=\"{&quot;slides_to_show&quot;:&quot;1&quot;,&quot;navigation&quot;:&quot;none&quot;,&quot;lazyload&quot;:&quot;yes&quot;,&quot;autoplay&quot;:&quot;yes&quot;,&quot;pause_on_hover&quot;:&quot;yes&quot;,&quot;pause_on_interaction&quot;:&quot;yes&quot;,&quot;autoplay_speed&quot;:5000,&quot;infinite&quot;:&quot;yes&quot;,&quot;effect&quot;:&quot;slide&quot;,&quot;speed&quot;:500}\" data-widget_type=\"image-carousel.default\">\n\t\t\t\t<div class=\"elementor-widget-container\">\n\t\t\t\t\t\t\t<div class=\"elementor-image-carousel-wrapper swiper\" role=\"region\" aria-roledescription=\"carousel\" aria-label=\"Carrousel d\u2019images\" dir=\"ltr\">\n\t\t\t<div class=\"elementor-image-carousel swiper-wrapper\" aria-live=\"off\">\n\t\t\t\t\t\t\t\t<div class=\"swiper-slide\" role=\"group\" aria-roledescription=\"slide\" aria-label=\"1 sur 6\"><figure class=\"swiper-slide-inner\"><img class=\"swiper-slide-image swiper-lazy\" data-src=\"https:\/\/allmecanic.com\/wp-content\/uploads\/2023\/02\/Y700.19.jpg\" alt=\"Y700.19\" \/><div class=\"swiper-lazy-preloader\"><\/div><\/figure><\/div><div class=\"swiper-slide\" role=\"group\" aria-roledescription=\"slide\" aria-label=\"2 sur 6\"><figure class=\"swiper-slide-inner\"><img class=\"swiper-slide-image swiper-lazy\" data-src=\"https:\/\/allmecanic.com\/wp-content\/uploads\/2023\/02\/Y500.17.jpg\" alt=\"Y500.17\" \/><div class=\"swiper-lazy-preloader\"><\/div><\/figure><\/div><div class=\"swiper-slide\" role=\"group\" aria-roledescription=\"slide\" aria-label=\"3 sur 6\"><figure class=\"swiper-slide-inner\"><img class=\"swiper-slide-image swiper-lazy\" data-src=\"https:\/\/allmecanic.com\/wp-content\/uploads\/2023\/02\/X000.18.jpg\" alt=\"X000.18\" \/><div class=\"swiper-lazy-preloader\"><\/div><\/figure><\/div><div class=\"swiper-slide\" role=\"group\" aria-roledescription=\"slide\" aria-label=\"4 sur 6\"><figure class=\"swiper-slide-inner\"><img class=\"swiper-slide-image swiper-lazy\" data-src=\"https:\/\/allmecanic.com\/wp-content\/uploads\/2023\/02\/A600.21.jpg\" alt=\"A600.21\" \/><div class=\"swiper-lazy-preloader\"><\/div><\/figure><\/div><div class=\"swiper-slide\" role=\"group\" aria-roledescription=\"slide\" aria-label=\"5 sur 6\"><figure class=\"swiper-slide-inner\"><img class=\"swiper-slide-image swiper-lazy\" data-src=\"https:\/\/allmecanic.com\/wp-content\/uploads\/2023\/02\/U600.16.jpg\" alt=\"U600.16\" \/><div class=\"swiper-lazy-preloader\"><\/div><\/figure><\/div><div class=\"swiper-slide\" role=\"group\" aria-roledescription=\"slide\" aria-label=\"6 sur 6\"><figure class=\"swiper-slide-inner\"><img class=\"swiper-slide-image swiper-lazy\" data-src=\"https:\/\/allmecanic.com\/wp-content\/uploads\/2023\/02\/A200.20.jpg\" alt=\"A200.20\" \/><div class=\"swiper-lazy-preloader\"><\/div><\/figure><\/div>\t\t\t<\/div>\n\t\t\t\t\t\t\t\n\t\t\t\t\t\t\t\t\t<\/div>\n\t\t\t\t\t\t<\/div>\n\t\t\t\t<\/div>\n\t\t\t\t\t<\/div>\n\t\t<\/div>\n\t\t\t\t<div class=\"elementor-column elementor-col-50 elementor-top-column elementor-element elementor-element-1446997\" data-id=\"1446997\" data-element_type=\"column\" data-e-type=\"column\">\n\t\t\t<div class=\"elementor-widget-wrap elementor-element-populated\">\n\t\t\t\t\t\t<div class=\"elementor-element elementor-element-35f4d82 elementor-widget elementor-widget-accordion\" data-id=\"35f4d82\" data-element_type=\"widget\" data-e-type=\"widget\" data-widget_type=\"accordion.default\">\n\t\t\t\t<div class=\"elementor-widget-container\">\n\t\t\t\t\t\t\t<div class=\"elementor-accordion\">\n\t\t\t\t\t\t\t<div class=\"elementor-accordion-item\">\n\t\t\t\t\t<div id=\"elementor-tab-title-5651\" class=\"elementor-tab-title\" data-tab=\"1\" role=\"button\" aria-controls=\"elementor-tab-content-5651\" aria-expanded=\"false\">\n\t\t\t\t\t\t\t\t\t\t\t\t\t<span class=\"elementor-accordion-icon elementor-accordion-icon-right\" aria-hidden=\"true\">\n\t\t\t\t\t\t\t\t\t\t\t\t\t\t\t<span class=\"elementor-accordion-icon-closed\"><i class=\"fas fa-plus\"><\/i><\/span>\n\t\t\t\t\t\t\t\t<span class=\"elementor-accordion-icon-opened\"><i class=\"fas fa-minus\"><\/i><\/span>\n\t\t\t\t\t\t\t\t\t\t\t\t\t\t<\/span>\n\t\t\t\t\t\t\t\t\t\t\t\t<a class=\"elementor-accordion-title\" tabindex=\"0\">Jeux de poin\u00e7onnage<\/a>\n\t\t\t\t\t<\/div>\n\t\t\t\t\t<div id=\"elementor-tab-content-5651\" class=\"elementor-tab-content elementor-clearfix\" data-tab=\"1\" role=\"region\" aria-labelledby=\"elementor-tab-title-5651\"><p>Bien que les jeux de poin\u00e7ons soient un produit distinct, \u00e9videmment ils constituent un ensemble qualitatif avec les presses portables et les presses \u00e0 cylindres interchangeables, r\u00e9pondant aux exigences strictes de All Mecanic, comme il en existe :<\/p>\n<ul>\n<li>Poin\u00e7ons et plaques de matrices en acier tremp\u00e9.<\/li>\n<li>Traitement anti-corrosion.<\/li>\n<li>Multiples dispositifs de s\u00e9curit\u00e9.<\/li>\n<li>\u00c9change rapide et facile sur les presses portables.<\/li>\n<li>Tol\u00e9rances pr\u00e9cises.<\/li>\n<li>Et&#8230; \u00e9videmment d\u00e9velopp\u00e9s \u00e0 partir de plus de 60 ans d&rsquo;exp\u00e9rience.<\/li>\n<\/ul><\/div>\n\t\t\t\t<\/div>\n\t\t\t\t\t\t\t<div class=\"elementor-accordion-item\">\n\t\t\t\t\t<div id=\"elementor-tab-title-5652\" class=\"elementor-tab-title\" data-tab=\"2\" role=\"button\" aria-controls=\"elementor-tab-content-5652\" aria-expanded=\"false\">\n\t\t\t\t\t\t\t\t\t\t\t\t\t<span class=\"elementor-accordion-icon elementor-accordion-icon-right\" aria-hidden=\"true\">\n\t\t\t\t\t\t\t\t\t\t\t\t\t\t\t<span class=\"elementor-accordion-icon-closed\"><i class=\"fas fa-plus\"><\/i><\/span>\n\t\t\t\t\t\t\t\t<span class=\"elementor-accordion-icon-opened\"><i class=\"fas fa-minus\"><\/i><\/span>\n\t\t\t\t\t\t\t\t\t\t\t\t\t\t<\/span>\n\t\t\t\t\t\t\t\t\t\t\t\t<a class=\"elementor-accordion-title\" tabindex=\"0\">Double usage<\/a>\n\t\t\t\t\t<\/div>\n\t\t\t\t\t<div id=\"elementor-tab-content-5652\" class=\"elementor-tab-content elementor-clearfix\" data-tab=\"2\" role=\"region\" aria-labelledby=\"elementor-tab-title-5652\"><p>Conviennent aussi bien pour les <a href=\"https:\/\/allmecanic.com\/fr\/presses-portables\/\">presses portables<\/a>\u00a0que pour les <a href=\"https:\/\/allmecanic.com\/fr\/presses-avec-cylindres-interchangeables\/\" rel=\"noopener\">presses \u00e0 cylindres interchangeables<\/a>.<\/p><p><a href=\"https:\/\/allmecanic.com\/wp-content\/uploads\/2023\/02\/PGV.jpg\"><img decoding=\"async\" class=\"alignleft wp-image-1668\" src=\"https:\/\/allmecanic.com\/wp-content\/uploads\/2023\/02\/PGV-300x225.jpg\" alt=\"\" width=\"222\" height=\"167\" srcset=\"https:\/\/allmecanic.com\/wp-content\/uploads\/2023\/02\/PGV-300x225.jpg 300w, https:\/\/allmecanic.com\/wp-content\/uploads\/2023\/02\/PGV-768x576.jpg 768w, https:\/\/allmecanic.com\/wp-content\/uploads\/2023\/02\/PGV.jpg 800w\" sizes=\"(max-width: 222px) 100vw, 222px\" \/><\/a><\/p><p><a href=\"https:\/\/allmecanic.com\/wp-content\/uploads\/2023\/02\/Type-C600.756.jpg\"><img decoding=\"async\" class=\" wp-image-1623 alignright\" src=\"https:\/\/allmecanic.com\/wp-content\/uploads\/2023\/02\/Type-C600.756-300x225.jpg\" alt=\"\" width=\"222\" height=\"167\" srcset=\"https:\/\/allmecanic.com\/wp-content\/uploads\/2023\/02\/Type-C600.756-300x225.jpg 300w, https:\/\/allmecanic.com\/wp-content\/uploads\/2023\/02\/Type-C600.756-768x576.jpg 768w, https:\/\/allmecanic.com\/wp-content\/uploads\/2023\/02\/Type-C600.756.jpg 800w\" sizes=\"(max-width: 222px) 100vw, 222px\" \/><\/a><\/p><\/div>\n\t\t\t\t<\/div>\n\t\t\t\t\t\t\t\t<\/div>\n\t\t\t\t\t\t<\/div>\n\t\t\t\t<\/div>\n\t\t\t\t\t<\/div>\n\t\t<\/div>\n\t\t\t\t\t<\/div>\n\t\t<\/section>\n\t\t\t\t<section class=\"elementor-section elementor-top-section elementor-element elementor-element-d5c7e8e elementor-section-boxed elementor-section-height-default elementor-section-height-default\" data-id=\"d5c7e8e\" data-element_type=\"section\" data-e-type=\"section\" data-settings=\"{&quot;background_background&quot;:&quot;classic&quot;}\">\n\t\t\t\t\t\t<div class=\"elementor-container elementor-column-gap-default\">\n\t\t\t\t\t<div class=\"elementor-column elementor-col-100 elementor-top-column elementor-element elementor-element-932e97a\" data-id=\"932e97a\" data-element_type=\"column\" data-e-type=\"column\">\n\t\t\t<div class=\"elementor-widget-wrap elementor-element-populated\">\n\t\t\t\t\t\t<div class=\"elementor-element elementor-element-fea80a9 gallery-spacing-custom elementor-invisible elementor-widget elementor-widget-image-gallery\" data-id=\"fea80a9\" data-element_type=\"widget\" data-e-type=\"widget\" data-settings=\"{&quot;_animation&quot;:&quot;fadeIn&quot;}\" data-widget_type=\"image-gallery.default\">\n\t\t\t\t<div class=\"elementor-widget-container\">\n\t\t\t\t\t\t\t<div class=\"elementor-image-gallery\">\n\t\t\t<div id='gallery-1' class='gallery galleryid-1986 gallery-columns-3 gallery-size-medium_large'><figure class='gallery-item'>\n\t\t\t<div class='gallery-icon landscape'>\n\t\t\t\t<a data-elementor-open-lightbox=\"yes\" data-elementor-lightbox-slideshow=\"fea80a9\" data-elementor-lightbox-title=\"U600.16\" data-e-action-hash=\"#elementor-action%3Aaction%3Dlightbox%26settings%3DeyJpZCI6MTU1MiwidXJsIjoiaHR0cHM6XC9cL2FsbG1lY2FuaWMuY29tXC93cC1jb250ZW50XC91cGxvYWRzXC8yMDIzXC8wMlwvVTYwMC4xNi5qcGciLCJzbGlkZXNob3ciOiJmZWE4MGE5In0%3D\" href='https:\/\/allmecanic.com\/wp-content\/uploads\/2023\/02\/U600.16.jpg'><img fetchpriority=\"high\" decoding=\"async\" width=\"768\" height=\"576\" src=\"https:\/\/allmecanic.com\/wp-content\/uploads\/2023\/02\/U600.16-768x576.jpg\" class=\"attachment-medium_large size-medium_large\" alt=\"\" srcset=\"https:\/\/allmecanic.com\/wp-content\/uploads\/2023\/02\/U600.16-768x576.jpg 768w, https:\/\/allmecanic.com\/wp-content\/uploads\/2023\/02\/U600.16-300x225.jpg 300w, https:\/\/allmecanic.com\/wp-content\/uploads\/2023\/02\/U600.16.jpg 800w\" sizes=\"(max-width: 768px) 100vw, 768px\" \/><\/a>\n\t\t\t<\/div><\/figure><figure class='gallery-item'>\n\t\t\t<div class='gallery-icon landscape'>\n\t\t\t\t<a data-elementor-open-lightbox=\"yes\" data-elementor-lightbox-slideshow=\"fea80a9\" data-elementor-lightbox-title=\"A200.20\" data-e-action-hash=\"#elementor-action%3Aaction%3Dlightbox%26settings%3DeyJpZCI6MTUzNCwidXJsIjoiaHR0cHM6XC9cL2FsbG1lY2FuaWMuY29tXC93cC1jb250ZW50XC91cGxvYWRzXC8yMDIzXC8wMlwvQTIwMC4yMC5qcGciLCJzbGlkZXNob3ciOiJmZWE4MGE5In0%3D\" href='https:\/\/allmecanic.com\/wp-content\/uploads\/2023\/02\/A200.20.jpg'><img loading=\"lazy\" decoding=\"async\" width=\"768\" height=\"576\" src=\"https:\/\/allmecanic.com\/wp-content\/uploads\/2023\/02\/A200.20-768x576.jpg\" class=\"attachment-medium_large size-medium_large\" alt=\"\" srcset=\"https:\/\/allmecanic.com\/wp-content\/uploads\/2023\/02\/A200.20-768x576.jpg 768w, https:\/\/allmecanic.com\/wp-content\/uploads\/2023\/02\/A200.20-300x225.jpg 300w, https:\/\/allmecanic.com\/wp-content\/uploads\/2023\/02\/A200.20.jpg 800w\" sizes=\"(max-width: 768px) 100vw, 768px\" \/><\/a>\n\t\t\t<\/div><\/figure><figure class='gallery-item'>\n\t\t\t<div class='gallery-icon landscape'>\n\t\t\t\t<a data-elementor-open-lightbox=\"yes\" data-elementor-lightbox-slideshow=\"fea80a9\" data-elementor-lightbox-title=\"A600.21\" data-e-action-hash=\"#elementor-action%3Aaction%3Dlightbox%26settings%3DeyJpZCI6MTUzNywidXJsIjoiaHR0cHM6XC9cL2FsbG1lY2FuaWMuY29tXC93cC1jb250ZW50XC91cGxvYWRzXC8yMDIzXC8wMlwvQTYwMC4yMS5qcGciLCJzbGlkZXNob3ciOiJmZWE4MGE5In0%3D\" href='https:\/\/allmecanic.com\/wp-content\/uploads\/2023\/02\/A600.21.jpg'><img loading=\"lazy\" decoding=\"async\" width=\"768\" height=\"576\" src=\"https:\/\/allmecanic.com\/wp-content\/uploads\/2023\/02\/A600.21-768x576.jpg\" class=\"attachment-medium_large size-medium_large\" alt=\"\" srcset=\"https:\/\/allmecanic.com\/wp-content\/uploads\/2023\/02\/A600.21-768x576.jpg 768w, https:\/\/allmecanic.com\/wp-content\/uploads\/2023\/02\/A600.21-300x225.jpg 300w, https:\/\/allmecanic.com\/wp-content\/uploads\/2023\/02\/A600.21.jpg 800w\" sizes=\"(max-width: 768px) 100vw, 768px\" \/><\/a>\n\t\t\t<\/div><\/figure><figure class='gallery-item'>\n\t\t\t<div class='gallery-icon landscape'>\n\t\t\t\t<a data-elementor-open-lightbox=\"yes\" data-elementor-lightbox-slideshow=\"fea80a9\" data-elementor-lightbox-title=\"X000.18\" data-e-action-hash=\"#elementor-action%3Aaction%3Dlightbox%26settings%3DeyJpZCI6MTU1NSwidXJsIjoiaHR0cHM6XC9cL2FsbG1lY2FuaWMuY29tXC93cC1jb250ZW50XC91cGxvYWRzXC8yMDIzXC8wMlwvWDAwMC4xOC5qcGciLCJzbGlkZXNob3ciOiJmZWE4MGE5In0%3D\" href='https:\/\/allmecanic.com\/wp-content\/uploads\/2023\/02\/X000.18.jpg'><img loading=\"lazy\" decoding=\"async\" width=\"768\" height=\"576\" src=\"https:\/\/allmecanic.com\/wp-content\/uploads\/2023\/02\/X000.18-768x576.jpg\" class=\"attachment-medium_large size-medium_large\" alt=\"\" srcset=\"https:\/\/allmecanic.com\/wp-content\/uploads\/2023\/02\/X000.18-768x576.jpg 768w, https:\/\/allmecanic.com\/wp-content\/uploads\/2023\/02\/X000.18-300x225.jpg 300w, https:\/\/allmecanic.com\/wp-content\/uploads\/2023\/02\/X000.18.jpg 800w\" sizes=\"(max-width: 768px) 100vw, 768px\" \/><\/a>\n\t\t\t<\/div><\/figure><figure class='gallery-item'>\n\t\t\t<div class='gallery-icon landscape'>\n\t\t\t\t<a data-elementor-open-lightbox=\"yes\" data-elementor-lightbox-slideshow=\"fea80a9\" data-elementor-lightbox-title=\"Y700.19\" data-e-action-hash=\"#elementor-action%3Aaction%3Dlightbox%26settings%3DeyJpZCI6MTU2MSwidXJsIjoiaHR0cHM6XC9cL2FsbG1lY2FuaWMuY29tXC93cC1jb250ZW50XC91cGxvYWRzXC8yMDIzXC8wMlwvWTcwMC4xOS5qcGciLCJzbGlkZXNob3ciOiJmZWE4MGE5In0%3D\" href='https:\/\/allmecanic.com\/wp-content\/uploads\/2023\/02\/Y700.19.jpg'><img loading=\"lazy\" decoding=\"async\" width=\"768\" height=\"576\" src=\"https:\/\/allmecanic.com\/wp-content\/uploads\/2023\/02\/Y700.19-768x576.jpg\" class=\"attachment-medium_large size-medium_large\" alt=\"\" srcset=\"https:\/\/allmecanic.com\/wp-content\/uploads\/2023\/02\/Y700.19-768x576.jpg 768w, https:\/\/allmecanic.com\/wp-content\/uploads\/2023\/02\/Y700.19-300x225.jpg 300w, https:\/\/allmecanic.com\/wp-content\/uploads\/2023\/02\/Y700.19.jpg 800w\" sizes=\"(max-width: 768px) 100vw, 768px\" \/><\/a>\n\t\t\t<\/div><\/figure><figure class='gallery-item'>\n\t\t\t<div class='gallery-icon landscape'>\n\t\t\t\t<a data-elementor-open-lightbox=\"yes\" data-elementor-lightbox-slideshow=\"fea80a9\" data-elementor-lightbox-title=\"Y500.17\" data-e-action-hash=\"#elementor-action%3Aaction%3Dlightbox%26settings%3DeyJpZCI6MTU1OCwidXJsIjoiaHR0cHM6XC9cL2FsbG1lY2FuaWMuY29tXC93cC1jb250ZW50XC91cGxvYWRzXC8yMDIzXC8wMlwvWTUwMC4xNy5qcGciLCJzbGlkZXNob3ciOiJmZWE4MGE5In0%3D\" href='https:\/\/allmecanic.com\/wp-content\/uploads\/2023\/02\/Y500.17.jpg'><img loading=\"lazy\" decoding=\"async\" width=\"768\" height=\"576\" src=\"https:\/\/allmecanic.com\/wp-content\/uploads\/2023\/02\/Y500.17-768x576.jpg\" class=\"attachment-medium_large size-medium_large\" alt=\"\" srcset=\"https:\/\/allmecanic.com\/wp-content\/uploads\/2023\/02\/Y500.17-768x576.jpg 768w, https:\/\/allmecanic.com\/wp-content\/uploads\/2023\/02\/Y500.17-300x225.jpg 300w, https:\/\/allmecanic.com\/wp-content\/uploads\/2023\/02\/Y500.17.jpg 800w\" sizes=\"(max-width: 768px) 100vw, 768px\" \/><\/a>\n\t\t\t<\/div><\/figure>\n\t\t<\/div>\n\t\t<\/div>\n\t\t\t\t\t\t<\/div>\n\t\t\t\t<\/div>\n\t\t\t\t\t<\/div>\n\t\t<\/div>\n\t\t\t\t\t<\/div>\n\t\t<\/section>\n\t\t\t\t<\/div>\n\t\t","protected":false},"excerpt":{"rendered":"<p>Jeux de poin\u00e7onnage pour presses portables et presses avec cylindres interchangeables (conception selon les exigences sp\u00e9cifiques du client) Jeux de poin\u00e7onnage Bien que les jeux de poin\u00e7ons soient un produit distinct, \u00e9videmment ils constituent un ensemble qualitatif avec les presses portables et les presses \u00e0 cylindres interchangeables, r\u00e9pondant aux exigences strictes de All Mecanic, comme [&hellip;]<\/p>\n","protected":false},"author":1,"featured_media":0,"parent":0,"menu_order":0,"comment_status":"closed","ping_status":"closed","template":"","meta":{"site-sidebar-layout":"no-sidebar","site-content-layout":"page-builder","ast-site-content-layout":"default","site-content-style":"default","site-sidebar-style":"default","ast-global-header-display":"","ast-banner-title-visibility":"","ast-main-header-display":"","ast-hfb-above-header-display":"","ast-hfb-below-header-display":"","ast-hfb-mobile-header-display":"","site-post-title":"disabled","ast-breadcrumbs-content":"","ast-featured-img":"disabled","footer-sml-layout":"","ast-disable-related-posts":"","theme-transparent-header-meta":"","adv-header-id-meta":"","stick-header-meta":"","header-above-stick-meta":"","header-main-stick-meta":"","header-below-stick-meta":"","astra-migrate-meta-layouts":"default","ast-page-background-enabled":"default","ast-page-background-meta":{"desktop":{"background-color":"var(--ast-global-color-4)","background-image":"","background-repeat":"repeat","background-position":"center center","background-size":"auto","background-attachment":"scroll","background-type":"","background-media":"","overlay-type":"","overlay-color":"","overlay-opacity":"","overlay-gradient":""},"tablet":{"background-color":"","background-image":"","background-repeat":"repeat","background-position":"center center","background-size":"auto","background-attachment":"scroll","background-type":"","background-media":"","overlay-type":"","overlay-color":"","overlay-opacity":"","overlay-gradient":""},"mobile":{"background-color":"","background-image":"","background-repeat":"repeat","background-position":"center center","background-size":"auto","background-attachment":"scroll","background-type":"","background-media":"","overlay-type":"","overlay-color":"","overlay-opacity":"","overlay-gradient":""}},"ast-content-background-meta":{"desktop":{"background-color":"var(--ast-global-color-5)","background-image":"","background-repeat":"repeat","background-position":"center center","background-size":"auto","background-attachment":"scroll","background-type":"","background-media":"","overlay-type":"","overlay-color":"","overlay-opacity":"","overlay-gradient":""},"tablet":{"background-color":"var(--ast-global-color-5)","background-image":"","background-repeat":"repeat","background-position":"center center","background-size":"auto","background-attachment":"scroll","background-type":"","background-media":"","overlay-type":"","overlay-color":"","overlay-opacity":"","overlay-gradient":""},"mobile":{"background-color":"var(--ast-global-color-5)","background-image":"","background-repeat":"repeat","background-position":"center center","background-size":"auto","background-attachment":"scroll","background-type":"","background-media":"","overlay-type":"","overlay-color":"","overlay-opacity":"","overlay-gradient":""}},"footnotes":""},"class_list":["post-1986","page","type-page","status-publish","hentry"],"_links":{"self":[{"href":"https:\/\/allmecanic.com\/fr\/wp-json\/wp\/v2\/pages\/1986","targetHints":{"allow":["GET"]}}],"collection":[{"href":"https:\/\/allmecanic.com\/fr\/wp-json\/wp\/v2\/pages"}],"about":[{"href":"https:\/\/allmecanic.com\/fr\/wp-json\/wp\/v2\/types\/page"}],"author":[{"embeddable":true,"href":"https:\/\/allmecanic.com\/fr\/wp-json\/wp\/v2\/users\/1"}],"replies":[{"embeddable":true,"href":"https:\/\/allmecanic.com\/fr\/wp-json\/wp\/v2\/comments?post=1986"}],"version-history":[{"count":5,"href":"https:\/\/allmecanic.com\/fr\/wp-json\/wp\/v2\/pages\/1986\/revisions"}],"predecessor-version":[{"id":2588,"href":"https:\/\/allmecanic.com\/fr\/wp-json\/wp\/v2\/pages\/1986\/revisions\/2588"}],"wp:attachment":[{"href":"https:\/\/allmecanic.com\/fr\/wp-json\/wp\/v2\/media?parent=1986"}],"curies":[{"name":"wp","href":"https:\/\/api.w.org\/{rel}","templated":true}]}}