{"id":1893,"date":"2023-02-09T16:19:50","date_gmt":"2023-02-09T16:19:50","guid":{"rendered":"https:\/\/allmecanic.com\/ziehpressen-und-ziehmatrizen\/"},"modified":"2023-07-06T12:51:55","modified_gmt":"2023-07-06T12:51:55","slug":"multifunktionsstanzen","status":"publish","type":"page","link":"https:\/\/allmecanic.com\/de\/multifunktionsstanzen\/","title":{"rendered":"MULTIFUNKTIONSSTANZEN"},"content":{"rendered":"\t\t<div data-elementor-type=\"wp-page\" data-elementor-id=\"1893\" class=\"elementor elementor-1893 elementor-689\" data-elementor-post-type=\"page\">\n\t\t\t\t\t\t<section class=\"elementor-section elementor-top-section elementor-element elementor-element-06866b3 elementor-section-boxed elementor-section-height-default elementor-section-height-default\" data-id=\"06866b3\" data-element_type=\"section\" data-e-type=\"section\" data-settings=\"{&quot;background_background&quot;:&quot;classic&quot;}\">\n\t\t\t\t\t\t<div class=\"elementor-container elementor-column-gap-default\">\n\t\t\t\t\t<div class=\"elementor-column elementor-col-100 elementor-top-column elementor-element elementor-element-87b802f\" data-id=\"87b802f\" data-element_type=\"column\" data-e-type=\"column\" data-settings=\"{&quot;background_background&quot;:&quot;classic&quot;}\">\n\t\t\t<div class=\"elementor-widget-wrap elementor-element-populated\">\n\t\t\t\t\t\t<div class=\"elementor-element elementor-element-e8c5367 elementor-widget elementor-widget-heading\" data-id=\"e8c5367\" data-element_type=\"widget\" data-e-type=\"widget\" data-widget_type=\"heading.default\">\n\t\t\t\t<div class=\"elementor-widget-container\">\n\t\t\t\t\t<h2 class=\"elementor-heading-title elementor-size-default\">Hydropneumatische Multifunktions Ziehstanzen<\/h2>\t\t\t\t<\/div>\n\t\t\t\t<\/div>\n\t\t\t\t\t<\/div>\n\t\t<\/div>\n\t\t\t\t\t<\/div>\n\t\t<\/section>\n\t\t\t\t<section class=\"elementor-section elementor-top-section elementor-element elementor-element-12e710a elementor-section-boxed elementor-section-height-default elementor-section-height-default\" data-id=\"12e710a\" data-element_type=\"section\" data-e-type=\"section\" data-settings=\"{&quot;background_background&quot;:&quot;classic&quot;}\">\n\t\t\t\t\t\t<div class=\"elementor-container elementor-column-gap-default\">\n\t\t\t\t\t<div class=\"elementor-column elementor-col-50 elementor-top-column elementor-element elementor-element-7346de1\" data-id=\"7346de1\" data-element_type=\"column\" data-e-type=\"column\">\n\t\t\t<div class=\"elementor-widget-wrap elementor-element-populated\">\n\t\t\t\t\t\t<div class=\"elementor-element elementor-element-e8d9101 elementor-widget elementor-widget-image-carousel\" data-id=\"e8d9101\" data-element_type=\"widget\" data-e-type=\"widget\" data-settings=\"{&quot;slides_to_show&quot;:&quot;1&quot;,&quot;navigation&quot;:&quot;none&quot;,&quot;lazyload&quot;:&quot;yes&quot;,&quot;autoplay&quot;:&quot;yes&quot;,&quot;pause_on_hover&quot;:&quot;yes&quot;,&quot;pause_on_interaction&quot;:&quot;yes&quot;,&quot;autoplay_speed&quot;:5000,&quot;infinite&quot;:&quot;yes&quot;,&quot;effect&quot;:&quot;slide&quot;,&quot;speed&quot;:500}\" data-widget_type=\"image-carousel.default\">\n\t\t\t\t<div class=\"elementor-widget-container\">\n\t\t\t\t\t\t\t<div class=\"elementor-image-carousel-wrapper swiper\" role=\"region\" aria-roledescription=\"carousel\" aria-label=\"Bild Karussell\" dir=\"ltr\">\n\t\t\t<div class=\"elementor-image-carousel swiper-wrapper\" aria-live=\"off\">\n\t\t\t\t\t\t\t\t<div class=\"swiper-slide\" role=\"group\" aria-roledescription=\"slide\" aria-label=\"1 von 6\"><figure class=\"swiper-slide-inner\"><img class=\"swiper-slide-image swiper-lazy\" data-src=\"https:\/\/allmecanic.com\/wp-content\/uploads\/2023\/02\/KS201099574.739.jpg\" alt=\"KS201099574.739\" \/><div class=\"swiper-lazy-preloader\"><\/div><\/figure><\/div><div class=\"swiper-slide\" role=\"group\" aria-roledescription=\"slide\" aria-label=\"2 von 6\"><figure class=\"swiper-slide-inner\"><img class=\"swiper-slide-image swiper-lazy\" data-src=\"https:\/\/allmecanic.com\/wp-content\/uploads\/2023\/02\/KS290055545.737-1.jpg\" alt=\"KS290055545.737\" \/><div class=\"swiper-lazy-preloader\"><\/div><\/figure><\/div><div class=\"swiper-slide\" role=\"group\" aria-roledescription=\"slide\" aria-label=\"3 von 6\"><figure class=\"swiper-slide-inner\"><img class=\"swiper-slide-image swiper-lazy\" data-src=\"https:\/\/allmecanic.com\/wp-content\/uploads\/2023\/02\/KS606373414.738.jpg\" alt=\"KS606373414.738\" \/><div class=\"swiper-lazy-preloader\"><\/div><\/figure><\/div><div class=\"swiper-slide\" role=\"group\" aria-roledescription=\"slide\" aria-label=\"4 von 6\"><figure class=\"swiper-slide-inner\"><img class=\"swiper-slide-image swiper-lazy\" data-src=\"https:\/\/allmecanic.com\/wp-content\/uploads\/2023\/02\/KS2310414940.9.jpg\" alt=\"KS2310414940.9\" \/><div class=\"swiper-lazy-preloader\"><\/div><\/figure><\/div><div class=\"swiper-slide\" role=\"group\" aria-roledescription=\"slide\" aria-label=\"5 von 6\"><figure class=\"swiper-slide-inner\"><img class=\"swiper-slide-image swiper-lazy\" data-src=\"https:\/\/allmecanic.com\/wp-content\/uploads\/2023\/02\/KS2900521045.740.jpg\" alt=\"KS2900521045.740\" \/><div class=\"swiper-lazy-preloader\"><\/div><\/figure><\/div><div class=\"swiper-slide\" role=\"group\" aria-roledescription=\"slide\" aria-label=\"6 von 6\"><figure class=\"swiper-slide-inner\"><img class=\"swiper-slide-image swiper-lazy\" data-src=\"https:\/\/allmecanic.com\/wp-content\/uploads\/2023\/02\/KS5909217945.10.jpg\" alt=\"KS5909217945.10\" \/><div class=\"swiper-lazy-preloader\"><\/div><\/figure><\/div>\t\t\t<\/div>\n\t\t\t\t\t\t\t\n\t\t\t\t\t\t\t\t\t<\/div>\n\t\t\t\t\t\t<\/div>\n\t\t\t\t<\/div>\n\t\t\t\t\t<\/div>\n\t\t<\/div>\n\t\t\t\t<div class=\"elementor-column elementor-col-50 elementor-top-column elementor-element elementor-element-1446997\" data-id=\"1446997\" data-element_type=\"column\" data-e-type=\"column\">\n\t\t\t<div class=\"elementor-widget-wrap elementor-element-populated\">\n\t\t\t\t\t\t<div class=\"elementor-element elementor-element-35f4d82 elementor-widget elementor-widget-accordion\" data-id=\"35f4d82\" data-element_type=\"widget\" data-e-type=\"widget\" data-widget_type=\"accordion.default\">\n\t\t\t\t<div class=\"elementor-widget-container\">\n\t\t\t\t\t\t\t<div class=\"elementor-accordion\">\n\t\t\t\t\t\t\t<div class=\"elementor-accordion-item\">\n\t\t\t\t\t<div id=\"elementor-tab-title-5651\" class=\"elementor-tab-title\" data-tab=\"1\" role=\"button\" aria-controls=\"elementor-tab-content-5651\" aria-expanded=\"false\">\n\t\t\t\t\t\t\t\t\t\t\t\t\t<span class=\"elementor-accordion-icon elementor-accordion-icon-right\" aria-hidden=\"true\">\n\t\t\t\t\t\t\t\t\t\t\t\t\t\t\t<span class=\"elementor-accordion-icon-closed\"><i class=\"fas fa-plus\"><\/i><\/span>\n\t\t\t\t\t\t\t\t<span class=\"elementor-accordion-icon-opened\"><i class=\"fas fa-minus\"><\/i><\/span>\n\t\t\t\t\t\t\t\t\t\t\t\t\t\t<\/span>\n\t\t\t\t\t\t\t\t\t\t\t\t<a class=\"elementor-accordion-title\" tabindex=\"0\">Vorteile<\/a>\n\t\t\t\t\t<\/div>\n\t\t\t\t\t<div id=\"elementor-tab-content-5651\" class=\"elementor-tab-content elementor-clearfix\" data-tab=\"1\" role=\"region\" aria-labelledby=\"elementor-tab-title-5651\"><ul><li><p>Multifunktionswerkzeugen k\u00f6nnen auf der Presse in jeder gew\u00fcnschten Position gedreht werden.<\/p><\/li><li><p>Einfacher und schneller Austausch von Werkzeugen ohne Einstellung.<\/p><\/li><li><p>Kompakt, leistungsstark, extrem robust, sehr pr\u00e4zise.<\/p><\/li><li><p>Abh\u00e4ngig vom gew\u00e4hlten Modell sind 2 verschiedene Montagesysteme f\u00fcr die Platzierung der Multifunktionsmatrize auf der Presse m\u00f6glich. Entweder schiebbar, bei der Ziehstanze mit innenliegender Zugstange, oder bei der Ziehstanze mit au\u00dfenliegender Zugstange, durch Platzierung der Matrize \u00fcber der Zugstange.<\/p><\/li><li><p>Geeignet f\u00fcr Aluminiumanwendungen.<\/p><\/li><li>Sehr schneller Betrieb: 40 Schl\u00e4ge pro Minute.<\/li><li>Ganz-Stahl-Konstruktion<\/li><li><p>Fu\u00dfpedalbedienung<\/p><\/li><\/ul><\/div>\n\t\t\t\t<\/div>\n\t\t\t\t\t\t\t<div class=\"elementor-accordion-item\">\n\t\t\t\t\t<div id=\"elementor-tab-title-5652\" class=\"elementor-tab-title\" data-tab=\"2\" role=\"button\" aria-controls=\"elementor-tab-content-5652\" aria-expanded=\"false\">\n\t\t\t\t\t\t\t\t\t\t\t\t\t<span class=\"elementor-accordion-icon elementor-accordion-icon-right\" aria-hidden=\"true\">\n\t\t\t\t\t\t\t\t\t\t\t\t\t\t\t<span class=\"elementor-accordion-icon-closed\"><i class=\"fas fa-plus\"><\/i><\/span>\n\t\t\t\t\t\t\t\t<span class=\"elementor-accordion-icon-opened\"><i class=\"fas fa-minus\"><\/i><\/span>\n\t\t\t\t\t\t\t\t\t\t\t\t\t\t<\/span>\n\t\t\t\t\t\t\t\t\t\t\t\t<a class=\"elementor-accordion-title\" tabindex=\"0\">Serienm\u00e4\u00dfige Ausstattung<\/a>\n\t\t\t\t\t<\/div>\n\t\t\t\t\t<div id=\"elementor-tab-content-5652\" class=\"elementor-tab-content elementor-clearfix\" data-tab=\"2\" role=\"region\" aria-labelledby=\"elementor-tab-title-5652\"><ul><li><p>Fu\u00dfpedal.<\/p><\/li><li><p>Wartungseinheit mit Wasserabscheider, Manometer und Druckregler.<\/p><\/li><\/ul><\/div>\n\t\t\t\t<\/div>\n\t\t\t\t\t\t\t<div class=\"elementor-accordion-item\">\n\t\t\t\t\t<div id=\"elementor-tab-title-5653\" class=\"elementor-tab-title\" data-tab=\"3\" role=\"button\" aria-controls=\"elementor-tab-content-5653\" aria-expanded=\"false\">\n\t\t\t\t\t\t\t\t\t\t\t\t\t<span class=\"elementor-accordion-icon elementor-accordion-icon-right\" aria-hidden=\"true\">\n\t\t\t\t\t\t\t\t\t\t\t\t\t\t\t<span class=\"elementor-accordion-icon-closed\"><i class=\"fas fa-plus\"><\/i><\/span>\n\t\t\t\t\t\t\t\t<span class=\"elementor-accordion-icon-opened\"><i class=\"fas fa-minus\"><\/i><\/span>\n\t\t\t\t\t\t\t\t\t\t\t\t\t\t<\/span>\n\t\t\t\t\t\t\t\t\t\t\t\t<a class=\"elementor-accordion-title\" tabindex=\"0\">Zubeh\u00f6r<\/a>\n\t\t\t\t\t<\/div>\n\t\t\t\t\t<div id=\"elementor-tab-content-5653\" class=\"elementor-tab-content elementor-clearfix\" data-tab=\"3\" role=\"region\" aria-labelledby=\"elementor-tab-title-5653\"><p>Werkzeuge f\u00fcr verschiedene Profilserien.<\/p><\/div>\n\t\t\t\t<\/div>\n\t\t\t\t\t\t\t\t<\/div>\n\t\t\t\t\t\t<\/div>\n\t\t\t\t<\/div>\n\t\t\t\t\t<\/div>\n\t\t<\/div>\n\t\t\t\t\t<\/div>\n\t\t<\/section>\n\t\t\t\t<section class=\"elementor-section elementor-top-section elementor-element elementor-element-d5c7e8e elementor-section-boxed elementor-section-height-default elementor-section-height-default\" data-id=\"d5c7e8e\" data-element_type=\"section\" data-e-type=\"section\" data-settings=\"{&quot;background_background&quot;:&quot;classic&quot;}\">\n\t\t\t\t\t\t<div class=\"elementor-container elementor-column-gap-default\">\n\t\t\t\t\t<div class=\"elementor-column elementor-col-100 elementor-top-column elementor-element elementor-element-932e97a\" data-id=\"932e97a\" data-element_type=\"column\" data-e-type=\"column\">\n\t\t\t<div class=\"elementor-widget-wrap elementor-element-populated\">\n\t\t\t\t\t\t<div class=\"elementor-element elementor-element-fea80a9 gallery-spacing-custom elementor-invisible elementor-widget elementor-widget-image-gallery\" data-id=\"fea80a9\" data-element_type=\"widget\" data-e-type=\"widget\" data-settings=\"{&quot;_animation&quot;:&quot;fadeIn&quot;}\" data-widget_type=\"image-gallery.default\">\n\t\t\t\t<div class=\"elementor-widget-container\">\n\t\t\t\t\t\t\t<div class=\"elementor-image-gallery\">\n\t\t\t<div id='gallery-1' class='gallery galleryid-1893 gallery-columns-3 gallery-size-medium_large'><figure class='gallery-item'>\n\t\t\t<div class='gallery-icon landscape'>\n\t\t\t\t<a data-elementor-open-lightbox=\"yes\" data-elementor-lightbox-slideshow=\"fea80a9\" data-elementor-lightbox-title=\"KS606373414.738\" data-e-action-hash=\"#elementor-action%3Aaction%3Dlightbox%26settings%3DeyJpZCI6MTUxNCwidXJsIjoiaHR0cHM6XC9cL2FsbG1lY2FuaWMuY29tXC93cC1jb250ZW50XC91cGxvYWRzXC8yMDIzXC8wMlwvS1M2MDYzNzM0MTQuNzM4LmpwZyIsInNsaWRlc2hvdyI6ImZlYTgwYTkifQ%3D%3D\" href='https:\/\/allmecanic.com\/wp-content\/uploads\/2023\/02\/KS606373414.738.jpg'><img fetchpriority=\"high\" decoding=\"async\" width=\"768\" height=\"576\" src=\"https:\/\/allmecanic.com\/wp-content\/uploads\/2023\/02\/KS606373414.738-768x576.jpg\" class=\"attachment-medium_large size-medium_large\" alt=\"\" srcset=\"https:\/\/allmecanic.com\/wp-content\/uploads\/2023\/02\/KS606373414.738-768x576.jpg 768w, https:\/\/allmecanic.com\/wp-content\/uploads\/2023\/02\/KS606373414.738-300x225.jpg 300w, https:\/\/allmecanic.com\/wp-content\/uploads\/2023\/02\/KS606373414.738.jpg 800w\" sizes=\"(max-width: 768px) 100vw, 768px\" \/><\/a>\n\t\t\t<\/div><\/figure><figure class='gallery-item'>\n\t\t\t<div class='gallery-icon landscape'>\n\t\t\t\t<a data-elementor-open-lightbox=\"yes\" data-elementor-lightbox-slideshow=\"fea80a9\" data-elementor-lightbox-title=\"KS2900521045.740\" data-e-action-hash=\"#elementor-action%3Aaction%3Dlightbox%26settings%3DeyJpZCI6MTUyMCwidXJsIjoiaHR0cHM6XC9cL2FsbG1lY2FuaWMuY29tXC93cC1jb250ZW50XC91cGxvYWRzXC8yMDIzXC8wMlwvS1MyOTAwNTIxMDQ1Ljc0MC5qcGciLCJzbGlkZXNob3ciOiJmZWE4MGE5In0%3D\" href='https:\/\/allmecanic.com\/wp-content\/uploads\/2023\/02\/KS2900521045.740.jpg'><img decoding=\"async\" width=\"768\" height=\"576\" src=\"https:\/\/allmecanic.com\/wp-content\/uploads\/2023\/02\/KS2900521045.740-768x576.jpg\" class=\"attachment-medium_large size-medium_large\" alt=\"\" srcset=\"https:\/\/allmecanic.com\/wp-content\/uploads\/2023\/02\/KS2900521045.740-768x576.jpg 768w, https:\/\/allmecanic.com\/wp-content\/uploads\/2023\/02\/KS2900521045.740-300x225.jpg 300w, https:\/\/allmecanic.com\/wp-content\/uploads\/2023\/02\/KS2900521045.740.jpg 800w\" sizes=\"(max-width: 768px) 100vw, 768px\" \/><\/a>\n\t\t\t<\/div><\/figure><figure class='gallery-item'>\n\t\t\t<div class='gallery-icon landscape'>\n\t\t\t\t<a data-elementor-open-lightbox=\"yes\" data-elementor-lightbox-slideshow=\"fea80a9\" data-elementor-lightbox-title=\"KS201099574.739\" data-e-action-hash=\"#elementor-action%3Aaction%3Dlightbox%26settings%3DeyJpZCI6MTUwOCwidXJsIjoiaHR0cHM6XC9cL2FsbG1lY2FuaWMuY29tXC93cC1jb250ZW50XC91cGxvYWRzXC8yMDIzXC8wMlwvS1MyMDEwOTk1NzQuNzM5LmpwZyIsInNsaWRlc2hvdyI6ImZlYTgwYTkifQ%3D%3D\" href='https:\/\/allmecanic.com\/wp-content\/uploads\/2023\/02\/KS201099574.739.jpg'><img decoding=\"async\" width=\"768\" height=\"576\" src=\"https:\/\/allmecanic.com\/wp-content\/uploads\/2023\/02\/KS201099574.739-768x576.jpg\" class=\"attachment-medium_large size-medium_large\" alt=\"\" srcset=\"https:\/\/allmecanic.com\/wp-content\/uploads\/2023\/02\/KS201099574.739-768x576.jpg 768w, https:\/\/allmecanic.com\/wp-content\/uploads\/2023\/02\/KS201099574.739-300x225.jpg 300w, https:\/\/allmecanic.com\/wp-content\/uploads\/2023\/02\/KS201099574.739.jpg 800w\" sizes=\"(max-width: 768px) 100vw, 768px\" \/><\/a>\n\t\t\t<\/div><\/figure><figure class='gallery-item'>\n\t\t\t<div class='gallery-icon landscape'>\n\t\t\t\t<a data-elementor-open-lightbox=\"yes\" data-elementor-lightbox-slideshow=\"fea80a9\" data-elementor-lightbox-title=\"KS5909217945.10\" data-e-action-hash=\"#elementor-action%3Aaction%3Dlightbox%26settings%3DeyJpZCI6MTUyMywidXJsIjoiaHR0cHM6XC9cL2FsbG1lY2FuaWMuY29tXC93cC1jb250ZW50XC91cGxvYWRzXC8yMDIzXC8wMlwvS1M1OTA5MjE3OTQ1LjEwLmpwZyIsInNsaWRlc2hvdyI6ImZlYTgwYTkifQ%3D%3D\" href='https:\/\/allmecanic.com\/wp-content\/uploads\/2023\/02\/KS5909217945.10.jpg'><img loading=\"lazy\" decoding=\"async\" width=\"768\" height=\"576\" src=\"https:\/\/allmecanic.com\/wp-content\/uploads\/2023\/02\/KS5909217945.10-768x576.jpg\" class=\"attachment-medium_large size-medium_large\" alt=\"\" srcset=\"https:\/\/allmecanic.com\/wp-content\/uploads\/2023\/02\/KS5909217945.10-768x576.jpg 768w, https:\/\/allmecanic.com\/wp-content\/uploads\/2023\/02\/KS5909217945.10-300x225.jpg 300w, https:\/\/allmecanic.com\/wp-content\/uploads\/2023\/02\/KS5909217945.10.jpg 800w\" sizes=\"(max-width: 768px) 100vw, 768px\" \/><\/a>\n\t\t\t<\/div><\/figure><figure class='gallery-item'>\n\t\t\t<div class='gallery-icon landscape'>\n\t\t\t\t<a data-elementor-open-lightbox=\"yes\" data-elementor-lightbox-slideshow=\"fea80a9\" data-elementor-lightbox-title=\"KS290055545.737\" data-e-action-hash=\"#elementor-action%3Aaction%3Dlightbox%26settings%3DeyJpZCI6MTUxMSwidXJsIjoiaHR0cHM6XC9cL2FsbG1lY2FuaWMuY29tXC93cC1jb250ZW50XC91cGxvYWRzXC8yMDIzXC8wMlwvS1MyOTAwNTU1NDUuNzM3LTEuanBnIiwic2xpZGVzaG93IjoiZmVhODBhOSJ9\" href='https:\/\/allmecanic.com\/wp-content\/uploads\/2023\/02\/KS290055545.737-1.jpg'><img loading=\"lazy\" decoding=\"async\" width=\"768\" height=\"576\" src=\"https:\/\/allmecanic.com\/wp-content\/uploads\/2023\/02\/KS290055545.737-1-768x576.jpg\" class=\"attachment-medium_large size-medium_large\" alt=\"\" srcset=\"https:\/\/allmecanic.com\/wp-content\/uploads\/2023\/02\/KS290055545.737-1-768x576.jpg 768w, https:\/\/allmecanic.com\/wp-content\/uploads\/2023\/02\/KS290055545.737-1-300x225.jpg 300w, https:\/\/allmecanic.com\/wp-content\/uploads\/2023\/02\/KS290055545.737-1.jpg 800w\" sizes=\"(max-width: 768px) 100vw, 768px\" \/><\/a>\n\t\t\t<\/div><\/figure><figure class='gallery-item'>\n\t\t\t<div class='gallery-icon landscape'>\n\t\t\t\t<a data-elementor-open-lightbox=\"yes\" data-elementor-lightbox-slideshow=\"fea80a9\" data-elementor-lightbox-title=\"KS2310414940.9\" data-e-action-hash=\"#elementor-action%3Aaction%3Dlightbox%26settings%3DeyJpZCI6MTUxNywidXJsIjoiaHR0cHM6XC9cL2FsbG1lY2FuaWMuY29tXC93cC1jb250ZW50XC91cGxvYWRzXC8yMDIzXC8wMlwvS1MyMzEwNDE0OTQwLjkuanBnIiwic2xpZGVzaG93IjoiZmVhODBhOSJ9\" href='https:\/\/allmecanic.com\/wp-content\/uploads\/2023\/02\/KS2310414940.9.jpg'><img loading=\"lazy\" decoding=\"async\" width=\"768\" height=\"576\" src=\"https:\/\/allmecanic.com\/wp-content\/uploads\/2023\/02\/KS2310414940.9-768x576.jpg\" class=\"attachment-medium_large size-medium_large\" alt=\"\" srcset=\"https:\/\/allmecanic.com\/wp-content\/uploads\/2023\/02\/KS2310414940.9-768x576.jpg 768w, https:\/\/allmecanic.com\/wp-content\/uploads\/2023\/02\/KS2310414940.9-300x225.jpg 300w, https:\/\/allmecanic.com\/wp-content\/uploads\/2023\/02\/KS2310414940.9.jpg 800w\" sizes=\"(max-width: 768px) 100vw, 768px\" \/><\/a>\n\t\t\t<\/div><\/figure>\n\t\t<\/div>\n\t\t<\/div>\n\t\t\t\t\t\t<\/div>\n\t\t\t\t<\/div>\n\t\t\t\t\t<\/div>\n\t\t<\/div>\n\t\t\t\t\t<\/div>\n\t\t<\/section>\n\t\t\t\t<\/div>\n\t\t","protected":false},"excerpt":{"rendered":"<p>Hydropneumatische Multifunktions Ziehstanzen Vorteile Multifunktionswerkzeugen k\u00f6nnen auf der Presse in jeder gew\u00fcnschten Position gedreht werden. Einfacher und schneller Austausch von Werkzeugen ohne Einstellung. Kompakt, leistungsstark, extrem robust, sehr pr\u00e4zise. Abh\u00e4ngig vom gew\u00e4hlten Modell sind 2 verschiedene Montagesysteme f\u00fcr die Platzierung der Multifunktionsmatrize auf der Presse m\u00f6glich. Entweder schiebbar, bei der Ziehstanze mit innenliegender Zugstange, oder [&hellip;]<\/p>\n","protected":false},"author":1,"featured_media":0,"parent":0,"menu_order":0,"comment_status":"closed","ping_status":"closed","template":"","meta":{"site-sidebar-layout":"no-sidebar","site-content-layout":"page-builder","ast-site-content-layout":"default","site-content-style":"default","site-sidebar-style":"default","ast-global-header-display":"","ast-banner-title-visibility":"","ast-main-header-display":"","ast-hfb-above-header-display":"","ast-hfb-below-header-display":"","ast-hfb-mobile-header-display":"","site-post-title":"disabled","ast-breadcrumbs-content":"","ast-featured-img":"disabled","footer-sml-layout":"","ast-disable-related-posts":"","theme-transparent-header-meta":"","adv-header-id-meta":"","stick-header-meta":"","header-above-stick-meta":"","header-main-stick-meta":"","header-below-stick-meta":"","astra-migrate-meta-layouts":"default","ast-page-background-enabled":"default","ast-page-background-meta":{"desktop":{"background-color":"var(--ast-global-color-4)","background-image":"","background-repeat":"repeat","background-position":"center center","background-size":"auto","background-attachment":"scroll","background-type":"","background-media":"","overlay-type":"","overlay-color":"","overlay-opacity":"","overlay-gradient":""},"tablet":{"background-color":"","background-image":"","background-repeat":"repeat","background-position":"center center","background-size":"auto","background-attachment":"scroll","background-type":"","background-media":"","overlay-type":"","overlay-color":"","overlay-opacity":"","overlay-gradient":""},"mobile":{"background-color":"","background-image":"","background-repeat":"repeat","background-position":"center center","background-size":"auto","background-attachment":"scroll","background-type":"","background-media":"","overlay-type":"","overlay-color":"","overlay-opacity":"","overlay-gradient":""}},"ast-content-background-meta":{"desktop":{"background-color":"var(--ast-global-color-5)","background-image":"","background-repeat":"repeat","background-position":"center center","background-size":"auto","background-attachment":"scroll","background-type":"","background-media":"","overlay-type":"","overlay-color":"","overlay-opacity":"","overlay-gradient":""},"tablet":{"background-color":"var(--ast-global-color-5)","background-image":"","background-repeat":"repeat","background-position":"center center","background-size":"auto","background-attachment":"scroll","background-type":"","background-media":"","overlay-type":"","overlay-color":"","overlay-opacity":"","overlay-gradient":""},"mobile":{"background-color":"var(--ast-global-color-5)","background-image":"","background-repeat":"repeat","background-position":"center center","background-size":"auto","background-attachment":"scroll","background-type":"","background-media":"","overlay-type":"","overlay-color":"","overlay-opacity":"","overlay-gradient":""}},"footnotes":""},"class_list":["post-1893","page","type-page","status-publish","hentry"],"_links":{"self":[{"href":"https:\/\/allmecanic.com\/de\/wp-json\/wp\/v2\/pages\/1893","targetHints":{"allow":["GET"]}}],"collection":[{"href":"https:\/\/allmecanic.com\/de\/wp-json\/wp\/v2\/pages"}],"about":[{"href":"https:\/\/allmecanic.com\/de\/wp-json\/wp\/v2\/types\/page"}],"author":[{"embeddable":true,"href":"https:\/\/allmecanic.com\/de\/wp-json\/wp\/v2\/users\/1"}],"replies":[{"embeddable":true,"href":"https:\/\/allmecanic.com\/de\/wp-json\/wp\/v2\/comments?post=1893"}],"version-history":[{"count":5,"href":"https:\/\/allmecanic.com\/de\/wp-json\/wp\/v2\/pages\/1893\/revisions"}],"predecessor-version":[{"id":2473,"href":"https:\/\/allmecanic.com\/de\/wp-json\/wp\/v2\/pages\/1893\/revisions\/2473"}],"wp:attachment":[{"href":"https:\/\/allmecanic.com\/de\/wp-json\/wp\/v2\/media?parent=1893"}],"curies":[{"name":"wp","href":"https:\/\/api.w.org\/{rel}","templated":true}]}}